{"id":1636,"date":"2022-11-22T17:19:44","date_gmt":"2022-11-22T14:19:44","guid":{"rendered":"https:\/\/www.naryem.com.tr\/demo\/?page_id=1636"},"modified":"2023-01-18T15:56:23","modified_gmt":"2023-01-18T12:56:23","slug":"feed-additives","status":"publish","type":"page","link":"https:\/\/www.naryem.com.tr\/en\/feed-additives\/","title":{"rendered":"Feed Additives"},"content":{"rendered":"<p><div class=\"fusion-fullwidth fullwidth-box fusion-builder-row-1 fusion-flex-container fusion-parallax-none nonhundred-percent-fullwidth non-hundred-percent-height-scrolling lazyload\" style=\"background-color: rgba(255,255,255,0);background-position: right bottom;background-repeat: no-repeat;border-width: 0px 0px 0px 0px;border-color:var(--awb-color2);border-style:solid;-webkit-background-size:cover;-moz-background-size:cover;-o-background-size:cover;background-size:cover;\" data-bg=\"https:\/\/www.naryem.com.tr\/en\/wp-content\/uploads\/2022\/11\/iletisim.jpg\" ><div class=\"fusion-builder-row fusion-row fusion-flex-align-items-flex-start fusion-flex-align-content-center\" style=\"max-width:1216.8px;margin-left: calc(-4% \/ 2 );margin-right: calc(-4% \/ 2 );\"><div class=\"fusion-layout-column fusion_builder_column fusion-builder-column-0 fusion_builder_column_1_1 1_1 fusion-flex-column fusion-animated\" data-animationType=\"fadeInUp\" data-animationDuration=\"1.0\" data-animationOffset=\"top-into-view\"><div class=\"fusion-column-wrapper fusion-flex-justify-content-flex-start fusion-content-layout-column\" style=\"background-position:left top;background-repeat:no-repeat;-webkit-background-size:cover;-moz-background-size:cover;-o-background-size:cover;background-size:cover;padding: 0px 0px 0px 0px;\"><style type=\"text\/css\">@media only screen and (max-width:1024px) {.fusion-title.fusion-title-1{margin-top:0px!important; margin-right:0px!important;margin-bottom:0px!important;margin-left:0px!important;}}@media only screen and (max-width:640px) {.fusion-title.fusion-title-1{margin-top:0px!important; margin-right:0px!important;margin-bottom:20px!important; margin-left:0px!important;}}<\/style><div class=\"fusion-title title fusion-title-1 fusion-sep-none fusion-title-center fusion-title-text fusion-title-size-one\" style=\"font-size:var(--awb-typography1-font-size);margin-top:0px;margin-right:0px;margin-bottom:0px;margin-left:0px;\"><h1 class=\"title-heading-center fusion-responsive-typography-calculated\" style=\"font-family:&quot;Raleway&quot;;font-weight:800;margin:0;font-size:1em;letter-spacing:var(--awb-typography1-letter-spacing);text-transform:var(--awb-typography1-text-transform);color:var(--awb-color1);--fontSize:60;line-height:var(--awb-typography1-line-height);\">FEED ADDITIVES<\/h1><\/div><\/div><style type=\"text\/css\">.fusion-body .fusion-builder-column-0{width:100% !important;margin-top : 0px;margin-bottom : 0px;}.fusion-builder-column-0 > .fusion-column-wrapper {padding-top : 0px !important;padding-right : 0px !important;margin-right : 1.92%;padding-bottom : 0px !important;padding-left : 0px !important;margin-left : 1.92%;}@media only screen and (max-width:1024px) {.fusion-body .fusion-builder-column-0{width:100% !important;order : 0;}.fusion-builder-column-0 > .fusion-column-wrapper {margin-right : 1.92%;margin-left : 1.92%;}}@media only screen and (max-width:640px) {.fusion-body .fusion-builder-column-0{width:100% !important;order : 0;}.fusion-builder-column-0 > .fusion-column-wrapper {margin-right : 1.92%;margin-left : 1.92%;}}<\/style><\/div><\/div><style type=\"text\/css\">.fusion-body .fusion-flex-container.fusion-builder-row-1{ padding-top : 0px;margin-top : 0px;padding-right : 0px;padding-bottom : 0px;margin-bottom : 0px;padding-left : 0px;min-height:300px;}<\/style><\/div><div class=\"fusion-fullwidth fullwidth-box fusion-builder-row-2 fusion-flex-container nonhundred-percent-fullwidth non-hundred-percent-height-scrolling\" style=\"background-color: rgba(255,255,255,0);background-position: left top;background-repeat: no-repeat;border-width: 0px 0px 0px 0px;border-color:var(--awb-color2);border-style:solid;\" ><div class=\"fusion-builder-row fusion-row fusion-flex-align-items-flex-start\" style=\"max-width:calc( 1170px + 0px );margin-left: calc(-0px \/ 2 );margin-right: calc(-0px \/ 2 );\"><div class=\"fusion-layout-column fusion_builder_column fusion-builder-column-1 fusion_builder_column_1_2 1_2 fusion-flex-column\"><div class=\"fusion-column-wrapper fusion-flex-justify-content-flex-start fusion-content-layout-column\" style=\"background-position:left top;background-repeat:no-repeat;-webkit-background-size:cover;-moz-background-size:cover;-o-background-size:cover;background-size:cover;padding: 0px 0% 0px 0%;\"><div ><span class=\" fusion-imageframe imageframe-none imageframe-1 hover-type-none\" style=\"max-width:575px;\"><a class=\"fusion-no-lightbox\" href=\"https:\/\/www.naryem.com.tr\/en\/poultry-feed-additives\/\" target=\"_self\" aria-label=\"kanatl\u0131 yem katk\u0131lar\u0131\"><img decoding=\"async\" width=\"1920\" height=\"1080\" alt=\"kanatl\u0131 yem katk\u0131lar\u0131\" src=\"https:\/\/www.naryem.com.tr\/en\/wp-content\/uploads\/2022\/11\/kanatli.jpg\" data-orig-src=\"https:\/\/www.naryem.com.tr\/en\/wp-content\/uploads\/2022\/11\/kanatli.jpg\" class=\"lazyload img-responsive wp-image-1584\" srcset=\"data:image\/svg+xml,%3Csvg%20xmlns%3D%27http%3A%2F%2Fwww.w3.org%2F2000%2Fsvg%27%20width%3D%271920%27%20height%3D%271080%27%20viewBox%3D%270%200%201920%201080%27%3E%3Crect%20width%3D%271920%27%20height%3D%271080%27%20fill-opacity%3D%220%22%2F%3E%3C%2Fsvg%3E\" data-srcset=\"https:\/\/www.naryem.com.tr\/en\/wp-content\/uploads\/2022\/11\/kanatli-200x113.jpg 200w, https:\/\/www.naryem.com.tr\/en\/wp-content\/uploads\/2022\/11\/kanatli-400x225.jpg 400w, https:\/\/www.naryem.com.tr\/en\/wp-content\/uploads\/2022\/11\/kanatli-600x338.jpg 600w, https:\/\/www.naryem.com.tr\/en\/wp-content\/uploads\/2022\/11\/kanatli-800x450.jpg 800w, https:\/\/www.naryem.com.tr\/en\/wp-content\/uploads\/2022\/11\/kanatli-1200x675.jpg 1200w, https:\/\/www.naryem.com.tr\/en\/wp-content\/uploads\/2022\/11\/kanatli.jpg 1920w\" data-sizes=\"auto\" data-orig-sizes=\"(max-width: 1024px) 100vw, (max-width: 640px) 100vw, 600px\" \/><\/a><\/span><\/div><\/div><style type=\"text\/css\">.fusion-body .fusion-builder-column-1{width:50% !important;margin-top : 50px;margin-bottom : 0px;}.fusion-builder-column-1 > .fusion-column-wrapper {padding-top : 0px !important;padding-right : 0% !important;margin-right : 0px;padding-bottom : 0px !important;padding-left : 0% !important;margin-left : 0px;}@media only screen and (max-width:1024px) {.fusion-body .fusion-builder-column-1{width:100% !important;margin-top : 36px;}.fusion-builder-column-1 > .fusion-column-wrapper {padding-right : 60px !important;margin-right : 0px;padding-left : 60px !important;margin-left : 0px;}}@media only screen and (max-width:640px) {.fusion-body .fusion-builder-column-1{width:100% !important;margin-top : 24px;}.fusion-builder-column-1 > .fusion-column-wrapper {padding-right : 20px !important;margin-right : 0px;padding-left : 20px !important;margin-left : 0px;}}<\/style><\/div><div class=\"fusion-layout-column fusion_builder_column fusion-builder-column-2 fusion_builder_column_1_2 1_2 fusion-flex-column\"><div class=\"fusion-column-wrapper fusion-flex-justify-content-flex-start fusion-content-layout-column\" style=\"background-position:left top;background-repeat:no-repeat;-webkit-background-size:cover;-moz-background-size:cover;-o-background-size:cover;background-size:cover;padding: 0px 0% 0px 0%;\"><div ><span class=\" fusion-imageframe imageframe-none imageframe-2 hover-type-none\" style=\"max-width:575px;\"><a class=\"fusion-no-lightbox\" href=\"https:\/\/www.naryem.com.tr\/en\/ruminant-feed-additives\/\" target=\"_self\" aria-label=\"yem katk\u0131lar\u0131\"><img decoding=\"async\" width=\"1920\" height=\"1080\" alt=\"yem katk\u0131lar\u0131\" src=\"https:\/\/www.naryem.com.tr\/en\/wp-content\/uploads\/2022\/11\/yem-katki.jpg\" data-orig-src=\"https:\/\/www.naryem.com.tr\/en\/wp-content\/uploads\/2022\/11\/yem-katki.jpg\" class=\"lazyload img-responsive wp-image-1433\" srcset=\"data:image\/svg+xml,%3Csvg%20xmlns%3D%27http%3A%2F%2Fwww.w3.org%2F2000%2Fsvg%27%20width%3D%271920%27%20height%3D%271080%27%20viewBox%3D%270%200%201920%201080%27%3E%3Crect%20width%3D%271920%27%20height%3D%271080%27%20fill-opacity%3D%220%22%2F%3E%3C%2Fsvg%3E\" data-srcset=\"https:\/\/www.naryem.com.tr\/en\/wp-content\/uploads\/2022\/11\/yem-katki-200x113.jpg 200w, https:\/\/www.naryem.com.tr\/en\/wp-content\/uploads\/2022\/11\/yem-katki-400x225.jpg 400w, https:\/\/www.naryem.com.tr\/en\/wp-content\/uploads\/2022\/11\/yem-katki-600x338.jpg 600w, https:\/\/www.naryem.com.tr\/en\/wp-content\/uploads\/2022\/11\/yem-katki-800x450.jpg 800w, https:\/\/www.naryem.com.tr\/en\/wp-content\/uploads\/2022\/11\/yem-katki-1200x675.jpg 1200w, https:\/\/www.naryem.com.tr\/en\/wp-content\/uploads\/2022\/11\/yem-katki.jpg 1920w\" data-sizes=\"auto\" data-orig-sizes=\"(max-width: 1024px) 100vw, (max-width: 640px) 100vw, 600px\" \/><\/a><\/span><\/div><\/div><style type=\"text\/css\">.fusion-body .fusion-builder-column-2{width:50% !important;margin-top : 50px;margin-bottom : 0px;}.fusion-builder-column-2 > .fusion-column-wrapper {padding-top : 0px !important;padding-right : 0% !important;margin-right : 0px;padding-bottom : 0px !important;padding-left : 0% !important;margin-left : 0px;}@media only screen and (max-width:1024px) {.fusion-body .fusion-builder-column-2{width:100% !important;margin-top : 36px;}.fusion-builder-column-2 > .fusion-column-wrapper {padding-right : 60px !important;margin-right : 0px;padding-left : 60px !important;margin-left : 0px;}}@media only screen and (max-width:640px) {.fusion-body .fusion-builder-column-2{width:100% !important;margin-top : 24px;}.fusion-builder-column-2 > .fusion-column-wrapper {padding-right : 20px !important;margin-right : 0px;padding-left : 20px !important;margin-left : 0px;}}<\/style><\/div><div class=\"fusion-layout-column fusion_builder_column fusion-builder-column-3 fusion_builder_column_1_2 1_2 fusion-flex-column\"><div class=\"fusion-column-wrapper fusion-flex-justify-content-flex-start fusion-content-layout-column\" style=\"background-position:left top;background-repeat:no-repeat;-webkit-background-size:cover;-moz-background-size:cover;-o-background-size:cover;background-size:cover;padding: 0px 0% 0px 0%;\"><style type=\"text\/css\">@media only screen and (max-width:1024px) {.fusion-title.fusion-title-2{margin-top:0px!important; margin-right:0px!important;margin-bottom:20px!important;margin-left:0px!important;}}@media only screen and (max-width:640px) {.fusion-title.fusion-title-2{margin-top:0px!important; margin-right:0px!important;margin-bottom:20px!important; margin-left:0px!important;}}.fusion-title.fusion-title-text.fusion-title-2 a{color:var(--awb-color8)}.fusion-title.fusion-title-text.fusion-title-2 a:hover{color:var(--awb-color5)}<\/style><div class=\"fusion-title title fusion-title-2 fusion-sep-none fusion-title-center fusion-title-text fusion-title-size-two\" style=\"margin-top:0px;margin-right:0px;margin-bottom:20px;margin-left:0px;\"><h2 class=\"title-heading-center fusion-responsive-typography-calculated\" style=\"margin:0;text-transform:capitalize;--fontSize:32;line-height:1.3;\"><a href=\"https:\/\/www.naryem.com.tr\/en\/poultry-feed-additives\/\" class=\"awb-custom-text-color awb-custom-text-hover-color\" target=\"_self\">Poultry Feed Additives<\/a><\/h2><\/div><\/div><style type=\"text\/css\">.fusion-body .fusion-builder-column-3{width:50% !important;margin-top : 50px;margin-bottom : 0px;}.fusion-builder-column-3 > .fusion-column-wrapper {padding-top : 0px !important;padding-right : 0% !important;margin-right : 0px;padding-bottom : 0px !important;padding-left : 0% !important;margin-left : 0px;}@media only screen and (max-width:1024px) {.fusion-body .fusion-builder-column-3{width:100% !important;margin-top : 36px;}.fusion-builder-column-3 > .fusion-column-wrapper {padding-right : 60px !important;margin-right : 0px;padding-left : 60px !important;margin-left : 0px;}}@media only screen and (max-width:640px) {.fusion-body .fusion-builder-column-3{width:100% !important;margin-top : 24px;}.fusion-builder-column-3 > .fusion-column-wrapper {padding-right : 20px !important;margin-right : 0px;padding-left : 20px !important;margin-left : 0px;}}<\/style><\/div><div class=\"fusion-layout-column fusion_builder_column fusion-builder-column-4 fusion_builder_column_1_2 1_2 fusion-flex-column\"><div class=\"fusion-column-wrapper fusion-flex-justify-content-flex-start fusion-content-layout-column\" style=\"background-position:left top;background-repeat:no-repeat;-webkit-background-size:cover;-moz-background-size:cover;-o-background-size:cover;background-size:cover;padding: 0px 0% 0px 0%;\"><style type=\"text\/css\">@media only screen and (max-width:1024px) {.fusion-title.fusion-title-3{margin-top:0px!important; margin-right:0px!important;margin-bottom:20px!important;margin-left:0px!important;}}@media only screen and (max-width:640px) {.fusion-title.fusion-title-3{margin-top:0px!important; margin-right:0px!important;margin-bottom:20px!important; margin-left:0px!important;}}.fusion-title.fusion-title-text.fusion-title-3 a{color:var(--awb-color8)}.fusion-title.fusion-title-text.fusion-title-3 a:hover{color:var(--awb-color5)}<\/style><div class=\"fusion-title title fusion-title-3 fusion-sep-none fusion-title-center fusion-title-text fusion-title-size-two\" style=\"margin-top:0px;margin-right:0px;margin-bottom:20px;margin-left:0px;\"><h2 class=\"title-heading-center fusion-responsive-typography-calculated\" style=\"margin:0;text-transform:capitalize;--fontSize:32;line-height:1.3;\"><a href=\"https:\/\/www.naryem.com.tr\/en\/ruminant-feed-additives\/\" class=\"awb-custom-text-color awb-custom-text-hover-color\" target=\"_self\">Ruminant Feed Additives<\/a><\/h2><\/div><\/div><style type=\"text\/css\">.fusion-body .fusion-builder-column-4{width:50% !important;margin-top : 50px;margin-bottom : 0px;}.fusion-builder-column-4 > .fusion-column-wrapper {padding-top : 0px !important;padding-right : 0% !important;margin-right : 0px;padding-bottom : 0px !important;padding-left : 0% !important;margin-left : 0px;}@media only screen and (max-width:1024px) {.fusion-body .fusion-builder-column-4{width:100% !important;margin-top : 36px;}.fusion-builder-column-4 > .fusion-column-wrapper {padding-right : 60px !important;margin-right : 0px;padding-left : 60px !important;margin-left : 0px;}}@media only screen and (max-width:640px) {.fusion-body .fusion-builder-column-4{width:100% !important;margin-top : 24px;}.fusion-builder-column-4 > .fusion-column-wrapper {padding-right : 20px !important;margin-right : 0px;padding-left : 20px !important;margin-left : 0px;}}<\/style><\/div><\/div><style type=\"text\/css\">.fusion-body .fusion-flex-container.fusion-builder-row-2{ padding-top : 0px;margin-top : 0px;padding-right : 0px;padding-bottom : 30px;margin-bottom : 0px;padding-left : 0px;}<\/style><\/div><div class=\"fusion-fullwidth fullwidth-box fusion-builder-row-3 fusion-flex-container nonhundred-percent-fullwidth non-hundred-percent-height-scrolling\" style=\"background-color: rgba(255,255,255,0);background-position: left top;background-repeat: no-repeat;border-width: 0px 0px 0px 0px;border-color:var(--awb-color2);border-style:solid;\" ><div class=\"fusion-builder-row fusion-row fusion-flex-align-items-flex-start\" style=\"max-width:calc( 1170px + 0px );margin-left: calc(-0px \/ 2 );margin-right: calc(-0px \/ 2 );\"><div class=\"fusion-layout-column fusion_builder_column fusion-builder-column-5 fusion_builder_column_1_2 1_2 fusion-flex-column\"><div class=\"fusion-column-wrapper fusion-flex-justify-content-flex-start fusion-content-layout-column\" style=\"background-position:left top;background-repeat:no-repeat;-webkit-background-size:cover;-moz-background-size:cover;-o-background-size:cover;background-size:cover;padding: 0px 0% 0px 0%;\"><div ><span class=\" fusion-imageframe imageframe-none imageframe-3 hover-type-none\" style=\"max-width:575px;\"><a class=\"fusion-no-lightbox\" href=\"https:\/\/www.naryem.com.tr\/en\/aromas\/\" target=\"_self\" aria-label=\"aromalar\"><img decoding=\"async\" width=\"1139\" height=\"854\" alt=\"aroma\" src=\"https:\/\/www.naryem.com.tr\/en\/wp-content\/uploads\/2022\/12\/aromalar.jpg\" data-orig-src=\"https:\/\/www.naryem.com.tr\/en\/wp-content\/uploads\/2022\/12\/aromalar.jpg\" class=\"lazyload img-responsive wp-image-1815\" srcset=\"data:image\/svg+xml,%3Csvg%20xmlns%3D%27http%3A%2F%2Fwww.w3.org%2F2000%2Fsvg%27%20width%3D%271139%27%20height%3D%27854%27%20viewBox%3D%270%200%201139%20854%27%3E%3Crect%20width%3D%271139%27%20height%3D%27854%27%20fill-opacity%3D%220%22%2F%3E%3C%2Fsvg%3E\" data-srcset=\"https:\/\/www.naryem.com.tr\/en\/wp-content\/uploads\/2022\/12\/aromalar-200x150.jpg 200w, https:\/\/www.naryem.com.tr\/en\/wp-content\/uploads\/2022\/12\/aromalar-400x300.jpg 400w, https:\/\/www.naryem.com.tr\/en\/wp-content\/uploads\/2022\/12\/aromalar-600x450.jpg 600w, https:\/\/www.naryem.com.tr\/en\/wp-content\/uploads\/2022\/12\/aromalar-800x600.jpg 800w, https:\/\/www.naryem.com.tr\/en\/wp-content\/uploads\/2022\/12\/aromalar.jpg 1139w\" data-sizes=\"auto\" data-orig-sizes=\"(max-width: 1024px) 100vw, (max-width: 640px) 100vw, 600px\" \/><\/a><\/span><\/div><\/div><style type=\"text\/css\">.fusion-body .fusion-builder-column-5{width:50% !important;margin-top : 50px;margin-bottom : 0px;}.fusion-builder-column-5 > .fusion-column-wrapper {padding-top : 0px !important;padding-right : 0% !important;margin-right : 0px;padding-bottom : 0px !important;padding-left : 0% !important;margin-left : 0px;}@media only screen and (max-width:1024px) {.fusion-body .fusion-builder-column-5{width:100% !important;margin-top : 36px;}.fusion-builder-column-5 > .fusion-column-wrapper {padding-right : 60px !important;margin-right : 0px;padding-left : 60px !important;margin-left : 0px;}}@media only screen and (max-width:640px) {.fusion-body .fusion-builder-column-5{width:100% !important;margin-top : 24px;}.fusion-builder-column-5 > .fusion-column-wrapper {padding-right : 20px !important;margin-right : 0px;padding-left : 20px !important;margin-left : 0px;}}<\/style><\/div><div class=\"fusion-layout-column fusion_builder_column fusion-builder-column-6 fusion_builder_column_1_2 1_2 fusion-flex-column\"><div class=\"fusion-column-wrapper fusion-flex-justify-content-flex-start fusion-content-layout-column\" style=\"background-position:left top;background-repeat:no-repeat;-webkit-background-size:cover;-moz-background-size:cover;-o-background-size:cover;background-size:cover;padding: 0px 0% 0px 0%;\"><div ><span class=\" fusion-imageframe imageframe-none imageframe-4 hover-type-none has-mask\" style=\"max-width:575px;\"><a class=\"fusion-no-lightbox\" href=\"https:\/\/www.naryem.com.tr\/en\/zeolite\/\" target=\"_self\" aria-label=\"zeolit\"><img decoding=\"async\" width=\"1139\" height=\"854\" alt=\"zeolit\" src=\"https:\/\/www.naryem.com.tr\/en\/wp-content\/uploads\/2022\/12\/zeolit.jpg\" data-orig-src=\"https:\/\/www.naryem.com.tr\/en\/wp-content\/uploads\/2022\/12\/zeolit.jpg\" class=\"lazyload img-responsive wp-image-1810\" srcset=\"data:image\/svg+xml,%3Csvg%20xmlns%3D%27http%3A%2F%2Fwww.w3.org%2F2000%2Fsvg%27%20width%3D%271139%27%20height%3D%27854%27%20viewBox%3D%270%200%201139%20854%27%3E%3Crect%20width%3D%271139%27%20height%3D%27854%27%20fill-opacity%3D%220%22%2F%3E%3C%2Fsvg%3E\" data-srcset=\"https:\/\/www.naryem.com.tr\/en\/wp-content\/uploads\/2022\/12\/zeolit-200x150.jpg 200w, https:\/\/www.naryem.com.tr\/en\/wp-content\/uploads\/2022\/12\/zeolit-400x300.jpg 400w, https:\/\/www.naryem.com.tr\/en\/wp-content\/uploads\/2022\/12\/zeolit-600x450.jpg 600w, https:\/\/www.naryem.com.tr\/en\/wp-content\/uploads\/2022\/12\/zeolit-800x600.jpg 800w, https:\/\/www.naryem.com.tr\/en\/wp-content\/uploads\/2022\/12\/zeolit.jpg 1139w\" data-sizes=\"auto\" data-orig-sizes=\"(max-width: 1024px) 100vw, (max-width: 640px) 100vw, 600px\" \/><\/a><\/span><\/div><\/div><style type=\"text\/css\">.fusion-body .fusion-builder-column-6{width:50% !important;margin-top : 50px;margin-bottom : 0px;}.fusion-builder-column-6 > .fusion-column-wrapper {padding-top : 0px !important;padding-right : 0% !important;margin-right : 0px;padding-bottom : 0px !important;padding-left : 0% !important;margin-left : 0px;}@media only screen and (max-width:1024px) {.fusion-body .fusion-builder-column-6{width:100% !important;margin-top : 36px;}.fusion-builder-column-6 > .fusion-column-wrapper {padding-right : 60px !important;margin-right : 0px;padding-left : 60px !important;margin-left : 0px;}}@media only screen and (max-width:640px) {.fusion-body .fusion-builder-column-6{width:100% !important;margin-top : 24px;}.fusion-builder-column-6 > .fusion-column-wrapper {padding-right : 20px !important;margin-right : 0px;padding-left : 20px !important;margin-left : 0px;}}<\/style><\/div><div class=\"fusion-layout-column fusion_builder_column fusion-builder-column-7 fusion_builder_column_1_2 1_2 fusion-flex-column\"><div class=\"fusion-column-wrapper fusion-flex-justify-content-flex-start fusion-content-layout-column\" style=\"background-position:left top;background-repeat:no-repeat;-webkit-background-size:cover;-moz-background-size:cover;-o-background-size:cover;background-size:cover;padding: 0px 0% 0px 0%;\"><style type=\"text\/css\">@media only screen and (max-width:1024px) {.fusion-title.fusion-title-4{margin-top:0px!important; margin-right:0px!important;margin-bottom:20px!important;margin-left:0px!important;}}@media only screen and (max-width:640px) {.fusion-title.fusion-title-4{margin-top:0px!important; margin-right:0px!important;margin-bottom:20px!important; margin-left:0px!important;}}.fusion-title.fusion-title-text.fusion-title-4 a{color:var(--awb-color8)}.fusion-title.fusion-title-text.fusion-title-4 a:hover{color:var(--awb-color5)}<\/style><div class=\"fusion-title title fusion-title-4 fusion-sep-none fusion-title-center fusion-title-text fusion-title-size-two\" style=\"margin-top:0px;margin-right:0px;margin-bottom:20px;margin-left:0px;\"><h2 class=\"title-heading-center fusion-responsive-typography-calculated\" style=\"margin:0;text-transform:capitalize;--fontSize:32;line-height:1.3;\"><a href=\"https:\/\/www.naryem.com.tr\/en\/aromas\/\" class=\"awb-custom-text-color awb-custom-text-hover-color\" target=\"_self\">Aromas<\/a><\/h2><\/div><\/div><style type=\"text\/css\">.fusion-body .fusion-builder-column-7{width:50% !important;margin-top : 50px;margin-bottom : 0px;}.fusion-builder-column-7 > .fusion-column-wrapper {padding-top : 0px !important;padding-right : 0% !important;margin-right : 0px;padding-bottom : 0px !important;padding-left : 0% !important;margin-left : 0px;}@media only screen and (max-width:1024px) {.fusion-body .fusion-builder-column-7{width:100% !important;margin-top : 36px;}.fusion-builder-column-7 > .fusion-column-wrapper {padding-right : 60px !important;margin-right : 0px;padding-left : 60px !important;margin-left : 0px;}}@media only screen and (max-width:640px) {.fusion-body .fusion-builder-column-7{width:100% !important;margin-top : 24px;}.fusion-builder-column-7 > .fusion-column-wrapper {padding-right : 20px !important;margin-right : 0px;padding-left : 20px !important;margin-left : 0px;}}<\/style><\/div><div class=\"fusion-layout-column fusion_builder_column fusion-builder-column-8 fusion_builder_column_1_2 1_2 fusion-flex-column\"><div class=\"fusion-column-wrapper fusion-flex-justify-content-flex-start fusion-content-layout-column\" style=\"background-position:left top;background-repeat:no-repeat;-webkit-background-size:cover;-moz-background-size:cover;-o-background-size:cover;background-size:cover;padding: 0px 0% 0px 0%;\"><style type=\"text\/css\">@media only screen and (max-width:1024px) {.fusion-title.fusion-title-5{margin-top:0px!important; margin-right:0px!important;margin-bottom:20px!important;margin-left:0px!important;}}@media only screen and (max-width:640px) {.fusion-title.fusion-title-5{margin-top:0px!important; margin-right:0px!important;margin-bottom:20px!important; margin-left:0px!important;}}.fusion-title.fusion-title-text.fusion-title-5 a{color:var(--awb-color8)}.fusion-title.fusion-title-text.fusion-title-5 a:hover{color:var(--awb-color5)}<\/style><div class=\"fusion-title title fusion-title-5 fusion-sep-none fusion-title-center fusion-title-text fusion-title-size-two\" style=\"margin-top:0px;margin-right:0px;margin-bottom:20px;margin-left:0px;\"><h2 class=\"title-heading-center fusion-responsive-typography-calculated\" style=\"margin:0;text-transform:capitalize;--fontSize:32;line-height:1.3;\"><a href=\"https:\/\/www.naryem.com.tr\/en\/zeolite\/\" class=\"awb-custom-text-color awb-custom-text-hover-color\" target=\"_self\">Zeolite<\/a><\/h2><\/div><\/div><style type=\"text\/css\">.fusion-body .fusion-builder-column-8{width:50% !important;margin-top : 50px;margin-bottom : 0px;}.fusion-builder-column-8 > .fusion-column-wrapper {padding-top : 0px !important;padding-right : 0% !important;margin-right : 0px;padding-bottom : 0px !important;padding-left : 0% !important;margin-left : 0px;}@media only screen and (max-width:1024px) {.fusion-body .fusion-builder-column-8{width:100% !important;margin-top : 36px;}.fusion-builder-column-8 > .fusion-column-wrapper {padding-right : 60px !important;margin-right : 0px;padding-left : 60px !important;margin-left : 0px;}}@media only screen and (max-width:640px) {.fusion-body .fusion-builder-column-8{width:100% !important;margin-top : 24px;}.fusion-builder-column-8 > .fusion-column-wrapper {padding-right : 20px !important;margin-right : 0px;padding-left : 20px !important;margin-left : 0px;}}<\/style><\/div><\/div><style type=\"text\/css\">.fusion-body .fusion-flex-container.fusion-builder-row-3{ padding-top : 0px;margin-top : 0px;padding-right : 0px;padding-bottom : 30px;margin-bottom : 0px;padding-left : 0px;}<\/style><\/div><\/p>\n","protected":false},"excerpt":{"rendered":"","protected":false},"author":1,"featured_media":0,"parent":0,"menu_order":0,"comment_status":"closed","ping_status":"closed","template":"100-width.php","meta":{"footnotes":""},"class_list":["post-1636","page","type-page","status-publish","hentry"],"aioseo_notices":[],"_links":{"self":[{"href":"https:\/\/www.naryem.com.tr\/en\/wp-json\/wp\/v2\/pages\/1636","targetHints":{"allow":["GET"]}}],"collection":[{"href":"https:\/\/www.naryem.com.tr\/en\/wp-json\/wp\/v2\/pages"}],"about":[{"href":"https:\/\/www.naryem.com.tr\/en\/wp-json\/wp\/v2\/types\/page"}],"author":[{"embeddable":true,"href":"https:\/\/www.naryem.com.tr\/en\/wp-json\/wp\/v2\/users\/1"}],"replies":[{"embeddable":true,"href":"https:\/\/www.naryem.com.tr\/en\/wp-json\/wp\/v2\/comments?post=1636"}],"version-history":[{"count":12,"href":"https:\/\/www.naryem.com.tr\/en\/wp-json\/wp\/v2\/pages\/1636\/revisions"}],"predecessor-version":[{"id":1869,"href":"https:\/\/www.naryem.com.tr\/en\/wp-json\/wp\/v2\/pages\/1636\/revisions\/1869"}],"wp:attachment":[{"href":"https:\/\/www.naryem.com.tr\/en\/wp-json\/wp\/v2\/media?parent=1636"}],"curies":[{"name":"wp","href":"https:\/\/api.w.org\/{rel}","templated":true}]}}